{"id":1071,"date":"2019-01-04T16:17:14","date_gmt":"2019-01-04T15:17:14","guid":{"rendered":"http:\/\/relaunch.beka-feuerfest.de\/impressum\/"},"modified":"2019-12-13T15:06:02","modified_gmt":"2019-12-13T14:06:02","slug":"impressum","status":"publish","type":"page","link":"https:\/\/beka-feuerfest.de\/en\/impressum\/","title":{"rendered":"Imprint"},"content":{"rendered":"<h3><b>ANGABEN GEM\u00c4SS \u00a7 5 TMG<\/b><\/h3>\n<p class=\"bodytext\">Beck u. Kaltheuner<br \/>\nFeuerfeste Erzeugnisse<br \/>\nGmbH &amp; CO. KG<br \/>\nDieselstr. 3<br \/>\n58840 Plettenberg<\/p>\n<p>HRA Nr. 2346, Amtsgericht Iserlohn<\/p>\n<p><b>Pers\u00f6nlich haftende Gesellschafterin:<\/b><br \/>\nBeck, Kaltheuner u. Co. GmbH<br \/>\nSitz: Plettenberg<br \/>\nHRB Nr. 2808, Amtsgericht Iserlohn<\/p>\n<p><b>Gesch\u00e4ftsf\u00fchrer:<\/b><br \/>\nGerhard B\u00fcnemann<\/p>\n<p><b>Kontakt:<br \/>\n<\/b><br \/>\nTelefon: +49 2391 817 0<br \/>\nTelefax: +49 2391 817 100<br \/>\nE-Mail: info(at)beka-feuerfest.de<\/p>\n<p><b>Umsatzsteuer-ID:<\/b><br \/>\nUmsatzsteuer-Identifikationsnummer gem\u00e4\u00df \u00a727 a Umsatzsteuergesetz:<br \/>\nDE123841987<\/p>\n<p><b>Freistellungsbescheinigung:\u00a0<\/b><br \/>\nEs liegt eine Freistellungsbescheinigung zum Steuerabzug bei Bauleistungen f\u00fcr die Beck u. Kaltheuner Feuerfeste Erzeugnisse\u00a0GmbH &amp; Co. KG\u00a0gem\u00e4\u00df \u00a7 48 Abs. 1 Satz 1 EStG vor.<\/p>\n<p><a href=\"https:\/\/beka-feuerfest.de\/wp-content\/uploads\/Freistellungsbescheinigung-bis-2022.pdf\">Freistellungsbescheinigung (bis 2022)<\/a> (PDF)<\/p>\n<p><b>Haftungsausschluss:<\/b><br \/>\nHaftung f\u00fcr Inhalte<\/p>\n<p class=\"bodytext\">Als Diensteanbieter sind wir gem\u00e4\u00df \u00a7 7 Abs.1 TMG f\u00fcr eigene Inhalte auf diesen Seiten nach den allgemeinen Gesetzen verantwortlich. Nach \u00a7\u00a7 8 bis 10 TMG sind wir als Diensteanbieter jedoch nicht verpflichtet, \u00fcbermittelte oder gespeicherte fremde Informationen zu \u00fcberwachen oder nach Umst\u00e4nden zu forschen, die auf eine rechtswidrige T\u00e4tigkeit hinweisen. Verpflichtungen zur Entfernung oder Sperrung der Nutzung von Informationen nach den allgemeinen Gesetzen bleiben hiervon unber\u00fchrt. Eine diesbez\u00fcgliche Haftung ist jedoch erst ab dem Zeitpunkt der Kenntnis einer konkreten Rechtsverletzung m\u00f6glich. Bei Bekanntwerden von entsprechenden Rechtsverletzung werden wir diese Inhalte umgehend entfernen.<\/p>\n<p class=\"bodytext\"><b>Rechtliche Hinweise zur Webseite:\u00a0<\/b><br \/>\nAlle Texte, Bilder und weiter hier ver\u00f6ffentlichten Informationen unterliegen dem Urheberrecht des Anbieters, soweit nicht Urheberrechte Dritter bestehen. In jedem Fall ist eine Vervielf\u00e4ltigung, Verbreitung oder \u00f6ffentliche Wiedergabe ausschlie\u00dflich im Falle einer widerruflichen und nicht \u00fcbertragbaren Zustimmung des Anbieters gestattet. \u00a0 F\u00fcr alle mittels Querverweis (Link) verbundenen Webinhalte \u00fcbernimmt der Anbieter keine Verantwortung, da es sich hierbei nicht um eigene Inhalte handelt. Die verlinkten Seiten wurden auf rechtswidrige Inhalte \u00fcberpr\u00fcft, zum Zeitpunkt der Verlinkung waren solche nicht erkennbar. Verantwortlich f\u00fcr den Inhalt der verlinkten Seiten ist deren Betreiber. Der Anbieter hat hierzu keine allgemeine \u00dcberwachungs- und Pr\u00fcfungspflicht. Bei Bekanntwerden einer Rechtsverletzung wird der entsprechende Link jedoch umgehend entfernt. Sollten Sie trotzdem auf eine Urheberrechtsverletzung aufmerksam werden, bitten wir um einen entsprechenden Hinweis. \u00a0 Bildnachweise:Wir verwenden eigene Bilder sowie Bilder von Dritten, deren Verwendung wir uns vom Urheber haben im Vorfeld genehmigen lassen. \u00a0 Herzlichen Dank an die Urheber der von uns verwendeten Bilder.<\/p>\n","protected":false},"excerpt":{"rendered":"<p>ANGABEN GEM\u00c4SS \u00a7 5 TMG Beck u. Kaltheuner Feuerfeste Erzeugnisse GmbH &amp; CO. KG Dieselstr. 3 58840 Plettenberg HRA Nr. 2346, Amtsgericht Iserlohn Pers\u00f6nlich haftende Gesellschafterin: Beck, Kaltheuner u. Co. GmbH Sitz: Plettenberg HRB Nr. 2808, Amtsgericht Iserlohn Gesch\u00e4ftsf\u00fchrer: Gerhard B\u00fcnemann Kontakt: Telefon: +49 2391 817 0 Telefax: +49 2391 817 100 E-Mail: info(at)beka-feuerfest.de Umsatzsteuer-ID: [&hellip;]<\/p>\n","protected":false},"author":5,"featured_media":0,"parent":0,"menu_order":0,"comment_status":"closed","ping_status":"closed","template":"","meta":[],"acf":[],"_links":{"self":[{"href":"https:\/\/beka-feuerfest.de\/en\/wp-json\/wp\/v2\/pages\/1071"}],"collection":[{"href":"https:\/\/beka-feuerfest.de\/en\/wp-json\/wp\/v2\/pages"}],"about":[{"href":"https:\/\/beka-feuerfest.de\/en\/wp-json\/wp\/v2\/types\/page"}],"author":[{"embeddable":true,"href":"https:\/\/beka-feuerfest.de\/en\/wp-json\/wp\/v2\/users\/5"}],"replies":[{"embeddable":true,"href":"https:\/\/beka-feuerfest.de\/en\/wp-json\/wp\/v2\/comments?post=1071"}],"version-history":[{"count":2,"href":"https:\/\/beka-feuerfest.de\/en\/wp-json\/wp\/v2\/pages\/1071\/revisions"}],"predecessor-version":[{"id":1476,"href":"https:\/\/beka-feuerfest.de\/en\/wp-json\/wp\/v2\/pages\/1071\/revisions\/1476"}],"wp:attachment":[{"href":"https:\/\/beka-feuerfest.de\/en\/wp-json\/wp\/v2\/media?parent=1071"}],"curies":[{"name":"wp","href":"https:\/\/api.w.org\/{rel}","templated":true}]}}